{"id":3370,"date":"2019-07-24T15:06:38","date_gmt":"2019-07-24T13:06:38","guid":{"rendered":"https:\/\/www.campingsaintjean.com\/accueil\/"},"modified":"2026-04-22T11:18:54","modified_gmt":"2026-04-22T09:18:54","slug":"home","status":"publish","type":"page","link":"https:\/\/www.campingsaintjean.com\/de\/","title":{"rendered":"Startseite"},"content":{"rendered":"","protected":false},"excerpt":{"rendered":"","protected":false},"author":1,"featured_media":0,"parent":0,"menu_order":0,"comment_status":"closed","ping_status":"closed","template":"","meta":{"footnotes":""},"class_list":["post-3370","page","type-page","status-publish","hentry"],"yoast_head":"<!-- This site is optimized with the Yoast SEO plugin v25.3 - https:\/\/yoast.com\/wordpress\/plugins\/seo\/ -->\n<title>Camping Brest | Camping Finist\u00e8re Nord 4 Sterne in der Bretagne<\/title>\n<meta name=\"description\" content=\"4-Sterne-Campingplatz mit direktem Zugang zum Meer in der N\u00e4he von Brest. Campingplatz Saint Jean im Hafen von Brest mit beheiztem Wasserplatz und Mobilheimen und Stellpl\u00e4tzen zur Miete im Finist\u00e8re in der Bretagne\" \/>\n<meta name=\"robots\" content=\"index, follow, max-snippet:-1, max-image-preview:large, max-video-preview:-1\" \/>\n<link rel=\"canonical\" href=\"https:\/\/www.campingsaintjean.com\/de\/\" \/>\n<meta property=\"og:locale\" content=\"de_DE\" \/>\n<meta property=\"og:type\" content=\"article\" \/>\n<meta property=\"og:title\" content=\"Camping Brest | Camping Finist\u00e8re Nord 4 Sterne in der Bretagne\" \/>\n<meta property=\"og:description\" content=\"4-Sterne-Campingplatz mit direktem Zugang zum Meer in der N\u00e4he von Brest. Campingplatz Saint Jean im Hafen von Brest mit beheiztem Wasserplatz und Mobilheimen und Stellpl\u00e4tzen zur Miete im Finist\u00e8re in der Bretagne\" \/>\n<meta property=\"og:url\" content=\"https:\/\/www.campingsaintjean.com\/de\/\" \/>\n<meta property=\"og:site_name\" content=\"Campingplatz Saint Jean\" \/>\n<meta property=\"article:modified_time\" content=\"2026-04-22T09:18:54+00:00\" \/>\n<meta name=\"twitter:card\" content=\"summary_large_image\" \/>\n<script type=\"application\/ld+json\" class=\"yoast-schema-graph\">{\"@context\":\"https:\/\/schema.org\",\"@graph\":[{\"@type\":\"WebPage\",\"@id\":\"https:\/\/www.campingsaintjean.com\/de\/\",\"url\":\"https:\/\/www.campingsaintjean.com\/de\/\",\"name\":\"Camping Brest | Camping Finist\u00e8re Nord 4 Sterne in der Bretagne\",\"isPartOf\":{\"@id\":\"https:\/\/www.campingsaintjean.com\/de\/#website\"},\"datePublished\":\"2019-07-24T13:06:38+00:00\",\"dateModified\":\"2026-04-22T09:18:54+00:00\",\"description\":\"4-Sterne-Campingplatz mit direktem Zugang zum Meer in der N\u00e4he von Brest. Campingplatz Saint Jean im Hafen von Brest mit beheiztem Wasserplatz und Mobilheimen und Stellpl\u00e4tzen zur Miete im Finist\u00e8re in der Bretagne\",\"breadcrumb\":{\"@id\":\"https:\/\/www.campingsaintjean.com\/de\/#breadcrumb\"},\"inLanguage\":\"de\",\"potentialAction\":[{\"@type\":\"ReadAction\",\"target\":[\"https:\/\/www.campingsaintjean.com\/de\/\"]}]},{\"@type\":\"BreadcrumbList\",\"@id\":\"https:\/\/www.campingsaintjean.com\/de\/#breadcrumb\",\"itemListElement\":[{\"@type\":\"ListItem\",\"position\":1,\"name\":\"Campingplatz Brest\",\"item\":\"https:\/\/www.campingsaintjean.com\/de\/\"},{\"@type\":\"ListItem\",\"position\":2,\"name\":\"Campingplatz Brest\"}]},{\"@type\":\"WebSite\",\"@id\":\"https:\/\/www.campingsaintjean.com\/de\/#website\",\"url\":\"https:\/\/www.campingsaintjean.com\/de\/\",\"name\":\"Campingplatz Saint Jean\",\"description\":\"\",\"potentialAction\":[{\"@type\":\"SearchAction\",\"target\":{\"@type\":\"EntryPoint\",\"urlTemplate\":\"https:\/\/www.campingsaintjean.com\/de\/?s={search_term_string}\"},\"query-input\":{\"@type\":\"PropertyValueSpecification\",\"valueRequired\":true,\"valueName\":\"search_term_string\"}}],\"inLanguage\":\"de\"}]}<\/script>\n<!-- \/ Yoast SEO plugin. -->","yoast_head_json":{"title":"Camping Brest | Camping Finist\u00e8re Nord 4 Sterne in der Bretagne","description":"4-Sterne-Campingplatz mit direktem Zugang zum Meer in der N\u00e4he von Brest. Campingplatz Saint Jean im Hafen von Brest mit beheiztem Wasserplatz und Mobilheimen und Stellpl\u00e4tzen zur Miete im Finist\u00e8re in der Bretagne","robots":{"index":"index","follow":"follow","max-snippet":"max-snippet:-1","max-image-preview":"max-image-preview:large","max-video-preview":"max-video-preview:-1"},"canonical":"https:\/\/www.campingsaintjean.com\/de\/","og_locale":"de_DE","og_type":"article","og_title":"Camping Brest | Camping Finist\u00e8re Nord 4 Sterne in der Bretagne","og_description":"4-Sterne-Campingplatz mit direktem Zugang zum Meer in der N\u00e4he von Brest. Campingplatz Saint Jean im Hafen von Brest mit beheiztem Wasserplatz und Mobilheimen und Stellpl\u00e4tzen zur Miete im Finist\u00e8re in der Bretagne","og_url":"https:\/\/www.campingsaintjean.com\/de\/","og_site_name":"Campingplatz Saint Jean","article_modified_time":"2026-04-22T09:18:54+00:00","twitter_card":"summary_large_image","schema":{"@context":"https:\/\/schema.org","@graph":[{"@type":"WebPage","@id":"https:\/\/www.campingsaintjean.com\/de\/","url":"https:\/\/www.campingsaintjean.com\/de\/","name":"Camping Brest | Camping Finist\u00e8re Nord 4 Sterne in der Bretagne","isPartOf":{"@id":"https:\/\/www.campingsaintjean.com\/de\/#website"},"datePublished":"2019-07-24T13:06:38+00:00","dateModified":"2026-04-22T09:18:54+00:00","description":"4-Sterne-Campingplatz mit direktem Zugang zum Meer in der N\u00e4he von Brest. Campingplatz Saint Jean im Hafen von Brest mit beheiztem Wasserplatz und Mobilheimen und Stellpl\u00e4tzen zur Miete im Finist\u00e8re in der Bretagne","breadcrumb":{"@id":"https:\/\/www.campingsaintjean.com\/de\/#breadcrumb"},"inLanguage":"de","potentialAction":[{"@type":"ReadAction","target":["https:\/\/www.campingsaintjean.com\/de\/"]}]},{"@type":"BreadcrumbList","@id":"https:\/\/www.campingsaintjean.com\/de\/#breadcrumb","itemListElement":[{"@type":"ListItem","position":1,"name":"Campingplatz Brest","item":"https:\/\/www.campingsaintjean.com\/de\/"},{"@type":"ListItem","position":2,"name":"Campingplatz Brest"}]},{"@type":"WebSite","@id":"https:\/\/www.campingsaintjean.com\/de\/#website","url":"https:\/\/www.campingsaintjean.com\/de\/","name":"Campingplatz Saint Jean","description":"","potentialAction":[{"@type":"SearchAction","target":{"@type":"EntryPoint","urlTemplate":"https:\/\/www.campingsaintjean.com\/de\/?s={search_term_string}"},"query-input":{"@type":"PropertyValueSpecification","valueRequired":true,"valueName":"search_term_string"}}],"inLanguage":"de"}]}},"_links":{"self":[{"href":"https:\/\/www.campingsaintjean.com\/de\/wp-json\/wp\/v2\/pages\/3370"}],"collection":[{"href":"https:\/\/www.campingsaintjean.com\/de\/wp-json\/wp\/v2\/pages"}],"about":[{"href":"https:\/\/www.campingsaintjean.com\/de\/wp-json\/wp\/v2\/types\/page"}],"author":[{"embeddable":true,"href":"https:\/\/www.campingsaintjean.com\/de\/wp-json\/wp\/v2\/users\/1"}],"replies":[{"embeddable":true,"href":"https:\/\/www.campingsaintjean.com\/de\/wp-json\/wp\/v2\/comments?post=3370"}],"version-history":[{"count":14,"href":"https:\/\/www.campingsaintjean.com\/de\/wp-json\/wp\/v2\/pages\/3370\/revisions"}],"predecessor-version":[{"id":4873,"href":"https:\/\/www.campingsaintjean.com\/de\/wp-json\/wp\/v2\/pages\/3370\/revisions\/4873"}],"wp:attachment":[{"href":"https:\/\/www.campingsaintjean.com\/de\/wp-json\/wp\/v2\/media?parent=3370"}],"curies":[{"name":"wp","href":"https:\/\/api.w.org\/{rel}","templated":true}]}}